{"id":1399,"date":"2018-11-26T12:45:57","date_gmt":"2018-11-26T12:45:57","guid":{"rendered":"http:\/\/qualityropeaccess.com\/about\/"},"modified":"2021-11-07T14:33:39","modified_gmt":"2021-11-07T14:33:39","slug":"about","status":"publish","type":"page","link":"https:\/\/qualityropeaccess.com\/de\/about\/","title":{"rendered":"About"},"content":{"rendered":"<div data-elementor-type=\"wp-post\" data-elementor-id=\"1399\" class=\"elementor elementor-1399\">\n\t\t\t\t\t\t\t\t\t<section class=\"elementor-section elementor-top-section elementor-element elementor-element-1b5d768b elementor-section-content-middle elementor-section-height-full elementor-section-boxed elementor-section-height-default elementor-section-items-middle\" data-id=\"1b5d768b\" data-element_type=\"section\" data-settings=\"{&quot;background_background&quot;:&quot;classic&quot;}\">\n\t\t\t\t\t\t\t<div class=\"elementor-background-overlay\"><\/div>\n\t\t\t\t\t\t\t<div class=\"elementor-container elementor-column-gap-no\">\n\t\t\t\t\t<div class=\"elementor-column elementor-col-100 elementor-top-column elementor-element elementor-element-1608c15b\" data-id=\"1608c15b\" data-element_type=\"column\">\n\t\t\t<div class=\"elementor-widget-wrap elementor-element-populated\">\n\t\t\t\t\t\t\t\t<div class=\"elementor-element elementor-element-6620945 elementor-widget elementor-widget-heading\" data-id=\"6620945\" data-element_type=\"widget\" data-widget_type=\"heading.default\">\n\t\t\t\t<div class=\"elementor-widget-container\">\n\t\t\t<h2 class=\"elementor-heading-title elementor-size-default\">Der Weg<br>zu<br>Quality Rope Access<\/h2>\t\t<\/div>\n\t\t\t\t<\/div>\n\t\t\t\t\t<\/div>\n\t\t<\/div>\n\t\t\t\t\t\t\t<\/div>\n\t\t<\/section>\n\t\t\t\t<section class=\"elementor-section elementor-top-section elementor-element elementor-element-fb1d65a elementor-hidden-mobile elementor-section-boxed elementor-section-height-default elementor-section-height-default\" data-id=\"fb1d65a\" data-element_type=\"section\" data-settings=\"{&quot;background_background&quot;:&quot;classic&quot;}\">\n\t\t\t\t\t\t<div class=\"elementor-container elementor-column-gap-default\">\n\t\t\t\t\t<div class=\"elementor-column elementor-col-100 elementor-top-column elementor-element elementor-element-dfe239f\" data-id=\"dfe239f\" data-element_type=\"column\">\n\t\t\t<div class=\"elementor-widget-wrap elementor-element-populated\">\n\t\t\t\t\t\t\t\t<div class=\"elementor-element elementor-element-39e0f4f elementor-view-default elementor-widget elementor-widget-icon\" data-id=\"39e0f4f\" data-element_type=\"widget\" data-widget_type=\"icon.default\">\n\t\t\t\t<div class=\"elementor-widget-container\">\n\t\t\t\t\t<div class=\"elementor-icon-wrapper\">\n\t\t\t<div class=\"elementor-icon\">\n\t\t\t<i aria-hidden=\"true\" class=\"far fa-arrow-alt-circle-down\"><\/i>\t\t\t<\/div>\n\t\t<\/div>\n\t\t\t\t<\/div>\n\t\t\t\t<\/div>\n\t\t\t\t\t<\/div>\n\t\t<\/div>\n\t\t\t\t\t\t\t<\/div>\n\t\t<\/section>\n\t\t\t\t<section class=\"elementor-section elementor-top-section elementor-element elementor-element-c71b5fe elementor-section-boxed elementor-section-height-default elementor-section-height-default\" data-id=\"c71b5fe\" data-element_type=\"section\" data-settings=\"{&quot;background_background&quot;:&quot;classic&quot;}\">\n\t\t\t\t\t\t<div class=\"elementor-container elementor-column-gap-default\">\n\t\t\t\t\t<div class=\"elementor-column elementor-col-100 elementor-top-column elementor-element elementor-element-fe4d702\" data-id=\"fe4d702\" data-element_type=\"column\">\n\t\t\t<div class=\"elementor-widget-wrap elementor-element-populated\">\n\t\t\t\t\t\t\t\t<section class=\"elementor-section elementor-inner-section elementor-element elementor-element-942f9d6 elementor-section-boxed elementor-section-height-default elementor-section-height-default\" data-id=\"942f9d6\" data-element_type=\"section\">\n\t\t\t\t\t\t<div class=\"elementor-container elementor-column-gap-default\">\n\t\t\t\t\t<div class=\"elementor-column elementor-col-50 elementor-inner-column elementor-element elementor-element-6dfd233\" data-id=\"6dfd233\" data-element_type=\"column\">\n\t\t\t<div class=\"elementor-widget-wrap elementor-element-populated\">\n\t\t\t\t\t\t\t\t<div class=\"elementor-element elementor-element-8465caf elementor-widget elementor-widget-text-editor\" data-id=\"8465caf\" data-element_type=\"widget\" data-widget_type=\"text-editor.default\">\n\t\t\t\t<div class=\"elementor-widget-container\">\n\t\t\t\t\t\t\t<p>Sch\u00f6n dich hier zu sehen. Mein Name ist Michael Wagner und ich arbeite seit \u00fcber 10 Jahren als Ingenieur. Mein Ziel ist es, die beste L\u00f6sung zu liefern, egal ob es sich um einen theoretischen oder praktischen Ansatz handelt. Im Laufe der Jahre hatte ich die M\u00f6glichkeit, an vielen Projekten teilzunehmen und sie mit meinen F\u00e4higkeiten zu unterst\u00fctzen. Auf dieser Reise habe ich Menschen aus verschiedenen Berufen kennengelernt. Diese enge Kommunikation hat das Netzwerk Quality Rope Access geformt. F\u00fchl dich zu dieser Reise eingeladen.<\/p>\t\t\t\t\t\t<\/div>\n\t\t\t\t<\/div>\n\t\t\t\t\t<\/div>\n\t\t<\/div>\n\t\t\t\t<div class=\"elementor-column elementor-col-50 elementor-inner-column elementor-element elementor-element-0358ad6\" data-id=\"0358ad6\" data-element_type=\"column\">\n\t\t\t<div class=\"elementor-widget-wrap elementor-element-populated\">\n\t\t\t\t\t\t\t\t<div class=\"elementor-element elementor-element-d52d547 elementor-widget elementor-widget-image\" data-id=\"d52d547\" data-element_type=\"widget\" data-widget_type=\"image.default\">\n\t\t\t\t<div class=\"elementor-widget-container\">\n\t\t\t\t\t\t\t\t\t\t\t\t\t\t\t<img decoding=\"async\" width=\"768\" height=\"1024\" src=\"https:\/\/qualityropeaccess.com\/wp-content\/uploads\/2021\/10\/Michael-Wagner-CEO-1-768x1024.jpeg\" class=\"attachment-large size-large wp-image-3132\" alt=\"\" loading=\"lazy\" srcset=\"https:\/\/qualityropeaccess.com\/wp-content\/uploads\/2021\/10\/Michael-Wagner-CEO-1-768x1024.jpeg 768w, https:\/\/qualityropeaccess.com\/wp-content\/uploads\/2021\/10\/Michael-Wagner-CEO-1-225x300.jpeg 225w, https:\/\/qualityropeaccess.com\/wp-content\/uploads\/2021\/10\/Michael-Wagner-CEO-1-1152x1536.jpeg 1152w, https:\/\/qualityropeaccess.com\/wp-content\/uploads\/2021\/10\/Michael-Wagner-CEO-1-9x12.jpeg 9w, https:\/\/qualityropeaccess.com\/wp-content\/uploads\/2021\/10\/Michael-Wagner-CEO-1.jpeg 1379w\" sizes=\"(max-width: 768px) 100vw, 768px\" \/>\t\t\t\t\t\t\t\t\t\t\t\t\t\t\t<\/div>\n\t\t\t\t<\/div>\n\t\t\t\t\t<\/div>\n\t\t<\/div>\n\t\t\t\t\t\t\t<\/div>\n\t\t<\/section>\n\t\t\t\t<div class=\"elementor-element elementor-element-8b5a159 elementor-widget elementor-widget-heading\" data-id=\"8b5a159\" data-element_type=\"widget\" data-widget_type=\"heading.default\">\n\t\t\t\t<div class=\"elementor-widget-container\">\n\t\t\t<h3 class=\"elementor-heading-title elementor-size-default\">Der Weg von Michael Wagner (CEO)<\/h3>\t\t<\/div>\n\t\t\t\t<\/div>\n\t\t\t\t<div class=\"elementor-element elementor-element-114d7f5 elementor-widget elementor-widget-html\" data-id=\"114d7f5\" data-element_type=\"widget\" data-widget_type=\"html.default\">\n\t\t\t\t<div class=\"elementor-widget-container\">\n\t\t\t<div style=\"text-align: center;\">\n    \n    <div style=\"border-bottom: 1px solid grey; padding: 30px 0;\">\n        <p style=\"font-size: 1.5rem; font-weight: 600; margin-bottom: 20px;\"><i class=\"fas fa-anchor\"><\/i><\/p>\n        <p style=\"font-size: 1.1rem; margin: 0;\"><b>Fachhochschule Kiel<\/b> - Schiffbau und maritime Technologie. Hochschulabschluss: B.Eng.<\/p>\n    <\/div>\n    \n    <div style=\"border-bottom: 1px solid grey; padding: 30px 0;\">\n        <p style=\"font-size: 1.5rem; font-weight: 600; margin-bottom: 20px;\">2010<\/p>\n        <p style=\"font-size: 1.1rem; margin: 0;\"><b>Stavanger \/ Norwegen<\/b> - Teilprojektleiter f\u00fcr die energetische Sanierung von Holzblockh\u00e4usern<\/p>\n    <\/div>\n    \n    <div style=\"border-bottom: 1px solid grey; padding: 30px 0;\">\n        <p style=\"font-size: 1.5rem; font-weight: 600; margin-bottom: 20px;\">2010-2015<\/p>\n        <p style=\"font-size: 1.1rem; margin: 0;\"><b>Waero GmbH<\/b> - Konstruktion veterin\u00e4rmedizinischer Ger\u00e4te vom Prototypen bis zur Serienfertigung \/ Qualit\u00e4tssicherung \/ 3D-Konstruktion<\/p>\n    <\/div>\n    \n    <div style=\"border-bottom: 1px solid grey; padding: 30px 0;\">\n        <p style=\"font-size: 1.5rem; font-weight: 600; margin-bottom: 20px;\">2015-2016<\/p>\n        <p style=\"font-size: 1.1rem; margin: 0;\"><b>Nobiskrug GmbH<\/b> - Konstrukteur f\u00fcr Schiffbauausr\u00fcstung auf Megayachten<\/p>\n    <\/div>\n    \n    <div style=\"border-bottom: 1px solid grey; padding: 30px 0;\">\n        <p style=\"font-size: 1.5rem; font-weight: 600; margin-bottom: 20px;\"><i class=\"fas fa-tools\"><\/i><\/p>\n        <p style=\"font-size: 1.1rem; margin: 0;\">Produktschulungen von Akzo Nobel, International, Jotun, Mankiewicz, Alexseal<\/p>\n    <\/div>\n    \n    <div style=\"border-bottom: 1px solid grey; padding: 30px 0;\">\n        <p style=\"font-size: 1.5rem; font-weight: 600; margin-bottom: 20px;\">2016-2020<\/p>\n        <p style=\"font-size: 1.1rem; margin: 0;\"><b>Nobiskrug GmbH<\/b> - Farbinspektor (Frosio L3 zertifiziert) und Projektleitung f\u00fcr den Umbau von Megayachten europaweit. Betreuung von Farbrelevanten Themen von der Projektplanungsphase \u00fcber die Bauphase bis hin zur Auslieferung an den Kunden. Leitung diverser Projekte im Bereich Korrosionsschutz und Topcoat. <\/p>\n    <\/div>\n    \n    <div style=\"border-bottom: 1px solid grey; padding: 30px 0;\">\n        <p style=\"font-size: 1.5rem; font-weight: 600; margin-bottom: 20px;\">2020<\/p>\n        <p style=\"font-size: 1.1rem; margin: 0;\">Aufbau des Expertennetzwerks \"Quality Rope Access\"<\/p>\n    <\/div>\n    <div style=\"padding: 30px 0;\">\n        <p style=\"font-size: 1.5rem; font-weight: 600; margin-bottom: 20px;\"><i class=\"fas fa-industry\"><\/i><\/p>\n        <p style=\"font-size: 1.1rem; margin: 0;\">Industriekletterer nach Fisat L2<\/p>\n    <\/div>\n    \n<\/div>\t\t<\/div>\n\t\t\t\t<\/div>\n\t\t\t\t<div class=\"elementor-element elementor-element-53866dd elementor-hidden-desktop elementor-hidden-tablet elementor-hidden-mobile elementor-widget elementor-widget-image\" data-id=\"53866dd\" data-element_type=\"widget\" data-widget_type=\"image.default\">\n\t\t\t\t<div class=\"elementor-widget-container\">\n\t\t\t\t\t\t\t\t\t\t\t\t\t\t\t<img decoding=\"async\" width=\"1024\" height=\"1024\" src=\"https:\/\/qualityropeaccess.com\/wp-content\/uploads\/2021\/10\/Logo-qra-brand-eng-schw-trans-1024x1024.png\" class=\"attachment-large size-large wp-image-3006\" alt=\"Frosio inspector\" loading=\"lazy\" srcset=\"https:\/\/qualityropeaccess.com\/wp-content\/uploads\/2021\/10\/Logo-qra-brand-eng-schw-trans-1024x1024.png 1024w, https:\/\/qualityropeaccess.com\/wp-content\/uploads\/2021\/10\/Logo-qra-brand-eng-schw-trans-300x300.png 300w, https:\/\/qualityropeaccess.com\/wp-content\/uploads\/2021\/10\/Logo-qra-brand-eng-schw-trans-150x150.png 150w, https:\/\/qualityropeaccess.com\/wp-content\/uploads\/2021\/10\/Logo-qra-brand-eng-schw-trans-768x768.png 768w, https:\/\/qualityropeaccess.com\/wp-content\/uploads\/2021\/10\/Logo-qra-brand-eng-schw-trans-1536x1536.png 1536w, https:\/\/qualityropeaccess.com\/wp-content\/uploads\/2021\/10\/Logo-qra-brand-eng-schw-trans-2048x2048.png 2048w\" sizes=\"(max-width: 1024px) 100vw, 1024px\" \/>\t\t\t\t\t\t\t\t\t\t\t\t\t\t\t<\/div>\n\t\t\t\t<\/div>\n\t\t\t\t<div class=\"elementor-element elementor-element-e2840e1 elementor-hidden-desktop elementor-hidden-tablet elementor-hidden-mobile elementor-widget elementor-widget-html\" data-id=\"e2840e1\" data-element_type=\"widget\" data-widget_type=\"html.default\">\n\t\t\t\t<div class=\"elementor-widget-container\">\n\t\t\t<style>\n    .qra {\n        font-size: 1.5rem;\n        font-weight: 600;\n        padding-right: 50px;\n        color: #d94948;\n        border: none;\n    }\n    .qra-descr {\n        text-transform: capitalize;\n        font-size: 1.1rem;\n        border: none;\n    }\n<\/style>\n\n<table style=\"width: 650px; margin: 0 auto;\">\n    <tr>\n        <td class=\"qra\">Quality<\/td>\n        <td class=\"qra-descr\">Qualit\u00e4tssicherung \/ Leidenschaft \/ Gute Qualit\u00e4tsarbeit<\/td>\n    <\/tr>\n    <tr style=\"height: 180px;\">\n        <td class=\"qra\">Rope<\/td>\n        <td class=\"qra-descr\">\nRope Access works \/ Reaching Places That Would Otherwise Not Be accessable \/ preparation Of proposals on Structures Before scaffolds Are Available \/ structural inspections<\/td>\n    <\/tr>\n    <tr>\n        <td class=\"qra\">Access<\/td>\n        <td class=\"qra-descr\">Zugang zu Technologie \/ Wissen \/ unserem Netzwerk<\/td>\n    <\/tr>\n<\/table>\t\t<\/div>\n\t\t\t\t<\/div>\n\t\t\t\t\t<\/div>\n\t\t<\/div>\n\t\t\t\t\t\t\t<\/div>\n\t\t<\/section>\n\t\t\t\t<section class=\"elementor-section elementor-top-section elementor-element elementor-element-40a873ed elementor-section-content-top elementor-section-height-min-height elementor-section-boxed elementor-section-height-default elementor-section-items-middle\" data-id=\"40a873ed\" data-element_type=\"section\" data-settings=\"{&quot;background_background&quot;:&quot;classic&quot;}\">\n\t\t\t\t\t\t\t<div class=\"elementor-background-overlay\"><\/div>\n\t\t\t\t\t\t\t<div class=\"elementor-container elementor-column-gap-no\">\n\t\t\t\t\t<div class=\"elementor-column elementor-col-100 elementor-top-column elementor-element elementor-element-7b7e5e6f\" data-id=\"7b7e5e6f\" data-element_type=\"column\">\n\t\t\t<div class=\"elementor-widget-wrap elementor-element-populated\">\n\t\t\t\t\t\t\t\t<section class=\"elementor-section elementor-inner-section elementor-element elementor-element-64bad8ef elementor-section-content-top elementor-section-boxed elementor-section-height-default elementor-section-height-default\" data-id=\"64bad8ef\" data-element_type=\"section\">\n\t\t\t\t\t\t<div class=\"elementor-container elementor-column-gap-no\">\n\t\t\t\t\t<div class=\"elementor-column elementor-col-50 elementor-inner-column elementor-element elementor-element-6b78afac\" data-id=\"6b78afac\" data-element_type=\"column\">\n\t\t\t<div class=\"elementor-widget-wrap elementor-element-populated\">\n\t\t\t\t\t\t\t\t<div class=\"elementor-element elementor-element-41dac35 elementor-widget elementor-widget-heading\" data-id=\"41dac35\" data-element_type=\"widget\" data-widget_type=\"heading.default\">\n\t\t\t\t<div class=\"elementor-widget-container\">\n\t\t\t<h3 class=\"elementor-heading-title elementor-size-default\">Bisherige Projekte und Erfahrungen<\/h3>\t\t<\/div>\n\t\t\t\t<\/div>\n\t\t\t\t<div class=\"elementor-element elementor-element-574dcff elementor-widget elementor-widget-text-editor\" data-id=\"574dcff\" data-element_type=\"widget\" data-widget_type=\"text-editor.default\">\n\t\t\t\t<div class=\"elementor-widget-container\">\n\t\t\t\t\t\t\t<ul><li>Megayacht Refits und Neubauten: \u00dcberwachung der Oberfl\u00e4chenvorbereitung \/ Spachtelarbeiten \/ des Beschichtungsprozesses\u00a0<\/li><li>Steuerung von Subunternehmern\u00a0<\/li><li>Offshore Wohnplatform: Konstruktion und Kontrolle der Beschichtung\u00a0<\/li><li>Marineschiffe neubau und refit: \u00dcberwachung der Beschichtung\u00a0<\/li><li>Ballastwassertanks auf Seeschiffen: Inspektion der Beschichtung gem\u00e4\u00df IMO PSPC Code<\/li><li>Megayacht Refits und Neubauten: Endabnahme der Teile beim Hersteller vor der Auslieferung<\/li><li>Garantiepr\u00fcfungen in ganz Europa<\/li><li>Topcoat Bereiche auf Mega-Yachten<\/li><li>Infrastrukturkonzepte f\u00fcr die Beschichtung: Luftfeuchtigkeit \/ Luftwechsel \/ Temperatursteuerung<\/li><\/ul>\t\t\t\t\t\t<\/div>\n\t\t\t\t<\/div>\n\t\t\t\t\t<\/div>\n\t\t<\/div>\n\t\t\t\t<div class=\"elementor-column elementor-col-50 elementor-inner-column elementor-element elementor-element-c58ba46 elementor-hidden-tablet elementor-hidden-mobile\" data-id=\"c58ba46\" data-element_type=\"column\">\n\t\t\t<div class=\"elementor-widget-wrap\">\n\t\t\t\t\t\t\t\t\t<\/div>\n\t\t<\/div>\n\t\t\t\t\t\t\t<\/div>\n\t\t<\/section>\n\t\t\t\t\t<\/div>\n\t\t<\/div>\n\t\t\t\t\t\t\t<\/div>\n\t\t<\/section>\n\t\t\t\t<section class=\"elementor-section elementor-top-section elementor-element elementor-element-187f1669 elementor-section-boxed elementor-section-height-default elementor-section-height-default\" data-id=\"187f1669\" data-element_type=\"section\" data-settings=\"{&quot;background_background&quot;:&quot;classic&quot;}\">\n\t\t\t\t\t\t<div class=\"elementor-container elementor-column-gap-default\">\n\t\t\t\t\t<div class=\"elementor-column elementor-col-50 elementor-top-column elementor-element elementor-element-38533178\" data-id=\"38533178\" data-element_type=\"column\">\n\t\t\t<div class=\"elementor-widget-wrap elementor-element-populated\">\n\t\t\t\t\t\t\t\t<div class=\"elementor-element elementor-element-6b858d7 elementor-widget elementor-widget-heading\" data-id=\"6b858d7\" data-element_type=\"widget\" data-widget_type=\"heading.default\">\n\t\t\t\t<div class=\"elementor-widget-container\">\n\t\t\t<h3 class=\"elementor-heading-title elementor-size-default\">F\u00fcr weitere Informationen Nutzen Sie gerne unser Kontaktformular.<\/h3>\t\t<\/div>\n\t\t\t\t<\/div>\n\t\t\t\t\t<\/div>\n\t\t<\/div>\n\t\t\t\t<div class=\"elementor-column elementor-col-50 elementor-top-column elementor-element elementor-element-20c4516d\" data-id=\"20c4516d\" data-element_type=\"column\">\n\t\t\t<div class=\"elementor-widget-wrap elementor-element-populated\">\n\t\t\t\t\t\t\t\t<div class=\"elementor-element elementor-element-4e0ea1e7 elementor-align-right elementor-tablet-align-right elementor-mobile-align-center elementor-widget elementor-widget-button\" data-id=\"4e0ea1e7\" data-element_type=\"widget\" data-widget_type=\"button.default\">\n\t\t\t\t<div class=\"elementor-widget-container\">\n\t\t\t\t\t<div class=\"elementor-button-wrapper\">\n\t\t\t<a href=\"https:\/\/qualityropeaccess.com\/de\/contact\/\" class=\"elementor-button-link elementor-button elementor-size-sm\" role=\"button\">\n\t\t\t\t\t\t<span class=\"elementor-button-content-wrapper\">\n\t\t\t\t\t\t<span class=\"elementor-button-text\">Kontakt<\/span>\n\t\t<\/span>\n\t\t\t\t\t<\/a>\n\t\t<\/div>\n\t\t\t\t<\/div>\n\t\t\t\t<\/div>\n\t\t\t\t\t<\/div>\n\t\t<\/div>\n\t\t\t\t\t\t\t<\/div>\n\t\t<\/section>\n\t\t\t\t\t\t\t<\/div>","protected":false},"excerpt":{"rendered":"<p>The RoadtoQuality Rope Access Nice to see you here. My name is Michael Wagner and I have been working as an engineer for over 10 years. My goal is to deliver the best quality solution, whether it needs a theoretical or practical approach. Over the years I had the chance to join a lot of &hellip;<\/p>\n<p class=\"read-more\"> <a class=\"\" href=\"https:\/\/qualityropeaccess.com\/de\/about\/\"> <span class=\"screen-reader-text\">About<\/span> Weiterlesen &raquo;<\/a><\/p>","protected":false},"author":1,"featured_media":0,"parent":0,"menu_order":0,"comment_status":"closed","ping_status":"closed","template":"","meta":{"_mi_skip_tracking":false,"site-sidebar-layout":"no-sidebar","site-content-layout":"page-builder","ast-global-header-display":"","ast-main-header-display":"","ast-hfb-above-header-display":"","ast-hfb-below-header-display":"","ast-hfb-mobile-header-display":"","site-post-title":"disabled","ast-breadcrumbs-content":"","ast-featured-img":"disabled","footer-sml-layout":"","theme-transparent-header-meta":"enabled","adv-header-id-meta":"","stick-header-meta":"","header-above-stick-meta":"","header-main-stick-meta":"","header-below-stick-meta":""},"aioseo_notices":[],"_links":{"self":[{"href":"https:\/\/qualityropeaccess.com\/de\/wp-json\/wp\/v2\/pages\/1399"}],"collection":[{"href":"https:\/\/qualityropeaccess.com\/de\/wp-json\/wp\/v2\/pages"}],"about":[{"href":"https:\/\/qualityropeaccess.com\/de\/wp-json\/wp\/v2\/types\/page"}],"author":[{"embeddable":true,"href":"https:\/\/qualityropeaccess.com\/de\/wp-json\/wp\/v2\/users\/1"}],"replies":[{"embeddable":true,"href":"https:\/\/qualityropeaccess.com\/de\/wp-json\/wp\/v2\/comments?post=1399"}],"version-history":[{"count":685,"href":"https:\/\/qualityropeaccess.com\/de\/wp-json\/wp\/v2\/pages\/1399\/revisions"}],"predecessor-version":[{"id":3570,"href":"https:\/\/qualityropeaccess.com\/de\/wp-json\/wp\/v2\/pages\/1399\/revisions\/3570"}],"wp:attachment":[{"href":"https:\/\/qualityropeaccess.com\/de\/wp-json\/wp\/v2\/media?parent=1399"}],"curies":[{"name":"wp","href":"https:\/\/api.w.org\/{rel}","templated":true}]}}